{"id":55,"date":"2022-09-02T16:52:28","date_gmt":"2022-09-02T14:52:28","guid":{"rendered":"http:\/\/preprod.actforperformance.com\/?page_id=55"},"modified":"2022-10-01T00:49:40","modified_gmt":"2022-09-30T22:49:40","slug":"notre-mission","status":"publish","type":"page","link":"https:\/\/preprod.actforperformance.com\/fr\/notre-mission\/","title":{"rendered":"Notre mission"},"content":{"rendered":"<p>[vc_section full_width=\u00a0\u00bbstretch_row_content\u00a0\u00bb el_class=\u00a0\u00bbhero-section\u00a0\u00bb css=\u00a0\u00bb.vc_custom_1662721921567{background-image: url(http:\/\/preprod.actforperformance.com\/wp-content\/uploads\/2022\/09\/Marche\u0301-Ndjili-Kinshasa-DRC.png?id=117) !important;}\u00a0\u00bb][vc_row][vc_column][vc_empty_space height=\u00a0\u00bb150px\u00a0\u00bb][vc_custom_heading text=\u00a0\u00bbEn apprendre plus sur nous\u00a0\u00bb font_container=\u00a0\u00bbtag:h1|text_align:left\u00a0\u00bb use_theme_fonts=\u00a0\u00bbyes\u00a0\u00bb el_class=\u00a0\u00bbtext-white\u00a0\u00bb][vc_empty_space height=\u00a0\u00bb150px\u00a0\u00bb][\/vc_column][\/vc_row][\/vc_section][vc_section el_class=\u00a0\u00bbsection section-text\u00a0\u00bb][vc_row][vc_column][vc_column_text el_class=\u00a0\u00bbsection-text-bold text-white\u00a0\u00bb css=\u00a0\u00bb.vc_custom_1663151381303{background-color: #354659 !important;}\u00a0\u00bb]Notre \u00e9quipe accompagnent les organisations publiques et priv\u00e9es vers la performance et l\u2019atteinte des r\u00e9sultats. Nous croyons que le succ\u00e8s d\u2019une organisation repose sur la qualit\u00e9 de son leadership et de son engagement, une gestion efficace et transparente ax\u00e9e sur les r\u00e9sultats. [\/vc_column_text][\/vc_column][\/vc_row][\/vc_section][vc_section el_class=\u00a0\u00bbsection section-nos-services\u00a0\u00bb][vc_row][vc_column][vc_custom_heading text=\u00a0\u00bbNos services\u00a0\u00bb use_theme_fonts=\u00a0\u00bbyes\u00a0\u00bb][\/vc_column][\/vc_row][vc_row el_class=\u00a0\u00bbcontent-etude-speciale\u00a0\u00bb][vc_column][vc_row_inner el_class=\u00a0\u00bbheader-etude\u00a0\u00bb][vc_column_inner width=\u00a0\u00bb1\/12&Prime;][vc_single_image image=\u00a0\u00bb119&Prime; img_size=\u00a0\u00bbfull\u00a0\u00bb][\/vc_column_inner][vc_column_inner width=\u00a0\u00bb11\/12&Prime;][vc_custom_heading text=\u00a0\u00bb\u00c9tudes sp\u00e9cialis\u00e9es\u00a0\u00bb font_container=\u00a0\u00bbtag:h4|text_align:left\u00a0\u00bb use_theme_fonts=\u00a0\u00bbyes\u00a0\u00bb][vc_column_text]ACT for Performance offre divers services d\u2019\u00e9tudes sp\u00e9cialis\u00e9es, notamment les \u00e9valuations, les enqu\u00eates et sondage et les revues organisationnelles.[\/vc_column_text][vc_column_text el_class=\u00a0\u00bbcollapse-open\u00a0\u00bb][\/vc_column_text][\/vc_column_inner][\/vc_row_inner][vc_row_inner el_class=\u00a0\u00bbdescription-etude\u00a0\u00bb][vc_column_inner width=\u00a0\u00bb1\/12&Prime;][\/vc_column_inner][vc_column_inner width=\u00a0\u00bb11\/12&Prime;][vc_column_text]<span class=\"section-text-bold\">1-\u00c9valuation.<\/span> Principal champ d&rsquo;expertise de ACT for Performance.[\/vc_column_text][vc_column_text]<span style=\"font-weight: 400;\">Comptant des dizaines d\u2019\u00e9valuations \u00e0 son actif r\u00e9alis\u00e9es dans plus d\u2019une vingtaine de pays en Afrique, en Asie et en Am\u00e9rique Latine, ACT for Performance offre les services d\u2019\u00e9tudes aux gouvernements et aux organisations bilat\u00e9rales et multilat\u00e9rales en se basant sur des donn\u00e9es probantes afin de formuler des recommandations concr\u00e8tes et op\u00e9rationnelles.\u00a0<\/span><\/p>\n<p><span style=\"font-weight: 400;\">Les services comprennent des \u00e9tudes d\u2019\u00e9valuabilit\u00e9 et des \u00e9valuations de projets ou de programmes d\u2019envergure complexes et multi-pays, th\u00e9matiques ou de mi ou fin de parcours, des \u00e9valuations de fonds fiduciaires ou de m\u00e9canismes de financement. <\/span>[\/vc_column_text][vc_column_text]<span class=\"section-text-bold\">2-Enqu\u00eate, Sondage et Suivi par des tiers.<\/span> Un service de collecte de donn\u00e9es-terrain en pleine croissance.<br \/>\n[\/vc_column_text][vc_column_text]<span style=\"font-weight: 400;\">ACT for Performance a d\u00e9velopp\u00e9 avec ses partenaires une expertise d\u2019enqu\u00eates-terrain \u00e0 grande \u00e9chelle (enqu\u00eate de base, \u00e0 mi-parcours ou de fin de projet). Les services incluent les \u00e9tudes de r\u00e9f\u00e9rence et de fin de projet, les sondages ainsi que les activit\u00e9s de suivi par des tiers.\u00a0<\/span><\/p>\n<p><span style=\"font-weight: 400;\">Oeuvrant dans les pays fragiles, nos \u00e9quipes collectent et v\u00e9rifient les donn\u00e9es primaires de projets et de programmes pour le compte des Nations unies. Par exemple, pour <\/span><span style=\"font-weight: 400;\">UNICEF <\/span><span style=\"font-weight: 400;\">dans le secteur de l\u2019\u00c9ducation, <\/span><span style=\"font-weight: 400;\">en Afghanistan<\/span><span style=\"font-weight: 400;\">, afin d\u2019aider \u00e0 r\u00e9mun\u00e9rer les professeurs des \u00e9coles primaires et secondaires.\u00a0 <\/span>[\/vc_column_text][vc_column_text]<span class=\"section-text-bold\">3-Revue organisationnelle.<\/span> Une expertise reconnue en partenariat avec Core Advice [\/vc_column_text][vc_column_text]<span style=\"font-weight: 400;\">ACT for Performance offre \u00e0 ses clients des services de diagnostic organisationnel \u00ab sur mesure \u00bb afin de mieux comprendre l\u2019organisation du travail et proposer des recommandations.\u00a0<\/span><\/p>\n<p><span style=\"font-weight: 400;\">Fort de son partenariat avec <\/span><i><span style=\"font-weight: 400;\">Core Advice<\/span><\/i><span style=\"font-weight: 400;\">, sp\u00e9cialis\u00e9 en gestion et d\u00e9veloppement des ressources humaines, les services inclus l\u2019identification des forces et des faiblesses et des chevauchements de comp\u00e9tences et des dysfonctionnements; des propositions d\u2019organigrammes et des d\u00e9finitions de fonctions et de cadres organiques.\u00a0<\/span>[\/vc_column_text][\/vc_column_inner][\/vc_row_inner][\/vc_column][\/vc_row][vc_row el_class=\u00a0\u00bbcontent-gestion-service\u00a0\u00bb][vc_column][vc_row_inner el_class=\u00a0\u00bbheader-service\u00a0\u00bb][vc_column_inner width=\u00a0\u00bb1\/12&Prime;][vc_single_image image=\u00a0\u00bb118&Prime; img_size=\u00a0\u00bbfull\u00a0\u00bb][\/vc_column_inner][vc_column_inner width=\u00a0\u00bb11\/12&Prime;][vc_custom_heading text=\u00a0\u00bbServices de gestion et de strat\u00e9gie\u00a0\u00bb font_container=\u00a0\u00bbtag:h4|text_align:left\u00a0\u00bb use_theme_fonts=\u00a0\u00bbyes\u00a0\u00bb][vc_column_text]<span style=\"font-weight: 400;\">Gestion de projets et gestion de fonds de d\u00e9veloppement et d\u2019investissements et ma\u00eetrise d\u2019ouvrage d\u00e9l\u00e9gu\u00e9e<\/span>[\/vc_column_text][vc_column_text el_class=\u00a0\u00bbcollapse-open-strategie\u00a0\u00bb][\/vc_column_text][\/vc_column_inner][\/vc_row_inner][vc_row_inner el_class=\u00a0\u00bbdescription-service\u00a0\u00bb][vc_column_inner width=\u00a0\u00bb1\/12&Prime;][\/vc_column_inner][vc_column_inner width=\u00a0\u00bb11\/12&Prime;][vc_column_text]<span class=\"section-text-bold\">1-Planification strat\u00e9gique et op\u00e9rationnelle.<\/span> Contribuer aux objectifs de d\u00e9veloppement durable et \u00e0 l\u2019efficacit\u00e9 de l\u2019aide.<br \/>\n[\/vc_column_text][vc_column_text]<span style=\"font-weight: 400;\">Gr\u00e2ce \u00e0 ses \u00e9quipes d\u2019exp\u00e9rience, ACT for Performance se d\u00e9marque par ses conseils strat\u00e9giques bas\u00e9s sur l\u2019identification des besoins, l\u2019analyse de l\u2019\u00e9tat des lieux, l\u2019organisation de consultations \u00e9largis des parties prenantes, l\u2019animation d\u2019ateliers, les propositions de strat\u00e9gies avec (ou sans) plan d\u2019op\u00e9rationnalisation chiffr\u00e9s. <\/span>[\/vc_column_text][vc_column_text]<span class=\"section-text-bold\">2-Gestion de projet et de fonds.<\/span> Un services phare en d\u00e9veloppement et en investissement.<br \/>\n[\/vc_column_text][vc_column_text]<span style=\"font-weight: 400;\">Un services phare en d\u00e9veloppement et en investissement.\u00a0<\/span><span style=\"font-weight: 400;\">ACT for Performance offre aux gouvernements et donateurs des services de gestion de projet et de gestion des fonds de d\u00e9veloppement et d\u2019investissements. Par exemple, la maitrise d\u2019ouvrage d\u00e9l\u00e9gu\u00e9e avec ses cadres et des outils adaptatifs et flexibles qui sont align\u00e9s sur les bonnes pratiques internationales (PRINCE2, PMI) et qui r\u00e9pondent aux r\u00e9alit\u00e9s complexes du contexte du d\u00e9veloppement international. <\/span>[\/vc_column_text][vc_column_text]<span class=\"section-text-bold\">3-Syst\u00e8mes de suivi et \u00e9valuation (S&amp;E).<\/span> Pass\u00e9 ma\u00eetre en mati\u00e8re d\u2019\u00e9laboration de cadre de gestion de programme ax\u00e9 sur les r\u00e9sultats<br \/>\n[\/vc_column_text][vc_column_text]<span style=\"font-weight: 400;\">Pass\u00e9 ma\u00eetre en mati\u00e8re d\u2019\u00e9laboration de cadre de gestion de programme ax\u00e9 sur les r\u00e9sultats . <\/span><span style=\"font-weight: 400;\">Depuis ses d\u00e9buts, ACT for Performance organise les syst\u00e8mes de S&amp;E en plus d\u2019appuyer la mise en \u0153uvre sein des organisations. Les \u00e9quipes \u00e9laborent les cadres de suivi appropri\u00e9s, d\u00e9veloppent les capacit\u00e9s et m\u00e8nent les activit\u00e9s de suivi-\u00e9valuation de concert avec les parties prenantes.\u00a0<\/span><\/p>\n<p><span style=\"font-weight: 400;\">Gr\u00e2ce \u00e0 cette approche int\u00e9gr\u00e9e, les organisations produisent l\u2019information n\u00e9cessaire pour les fins de communications, de prise de d\u00e9cisions et d\u2019apprentissage continu.<\/span> <span style=\"font-weight: 400;\">\u00a0\u00a0<\/span>[\/vc_column_text][vc_column_text]<span class=\"section-text-bold\">4-Service de formation, d\u2019accompagnement et de renforcement des capacit\u00e9s. <\/span> Une offre de formation en ligne en gestion de projet. [\/vc_column_text][vc_column_text]<span style=\"font-weight: 400;\">Une offre de formation en ligne en gestion de projet.<\/span><b>\u00a0\u00a0\u00a0<\/b><span style=\"font-weight: 400;\">Dans le cadre des projets de maitrise d\u2019ouvrage d\u00e9l\u00e9gu\u00e9e et de la gestion des fonds de d\u00e9veloppement, ACT for Performance accompagne et coach les organisations de mise en \u0153uvre.<\/span><\/p>\n<p><span style=\"font-weight: 400;\">ACT for Performance a d\u00e9velopp\u00e9 sa propre offre de formation en ligne sur les cadres op\u00e9rationnels, les structures de gouvernance, la gestion de projet et la connaissance des outils y aff\u00e9rents.\u00a0<\/span>[\/vc_column_text][\/vc_column_inner][\/vc_row_inner][\/vc_column][\/vc_row][\/vc_section][vc_section el_class=\u00a0\u00bbsection section-nos-client\u00a0\u00bb][vc_row][vc_column][vc_custom_heading text=\u00a0\u00bbNos clients\u00a0\u00bb use_theme_fonts=\u00a0\u00bbyes\u00a0\u00bb][vc_column_text]ACT for Performance s\u2019est taill\u00e9 une place de choix aupr\u00e8s des agences des Nations unies comme l\u2019UNICEF ou l\u2019Organisation mondiale de la Sant\u00e9 (OMS). Notre firme appuie r\u00e9guli\u00e8rement les agences bilat\u00e9rales, comme le Minist\u00e8re des Affaires \u00e9trang\u00e8res des Pays-Bas, Affaires Mondiales Canada (AMC), l\u2019Union europ\u00e9enne (UE) ou le minist\u00e8re de l&rsquo;Europe et des Affaires \u00e9trang\u00e8res.[\/vc_column_text][vc_row_inner][vc_column_inner width=\u00a0\u00bb1\/4&Prime;][vc_single_image image=\u00a0\u00bb1442&Prime; img_size=\u00a0\u00bbfull\u00a0\u00bb onclick=\u00a0\u00bbcustom_link\u00a0\u00bb link=\u00a0\u00bbhttps:\/\/www.unicef.org\u00a0\u00bb][\/vc_column_inner][vc_column_inner width=\u00a0\u00bb1\/4&Prime;][vc_single_image image=\u00a0\u00bb1381&Prime; img_size=\u00a0\u00bbfull\u00a0\u00bb alignment=\u00a0\u00bbcenter\u00a0\u00bb onclick=\u00a0\u00bbcustom_link\u00a0\u00bb link=\u00a0\u00bbhttps:\/\/www.who.int\/\u00a0\u00bb][\/vc_column_inner][vc_column_inner width=\u00a0\u00bb1\/4&Prime;][vc_single_image image=\u00a0\u00bb1450&Prime; img_size=\u00a0\u00bbfull\u00a0\u00bb alignment=\u00a0\u00bbcenter\u00a0\u00bb onclick=\u00a0\u00bbcustom_link\u00a0\u00bb link=\u00a0\u00bbhttps:\/\/www.undp.org\/\u00a0\u00bb][\/vc_column_inner][vc_column_inner width=\u00a0\u00bb1\/4&Prime;][vc_single_image image=\u00a0\u00bb1440&Prime; img_size=\u00a0\u00bbfull\u00a0\u00bb onclick=\u00a0\u00bbcustom_link\u00a0\u00bb link=\u00a0\u00bbhttps:\/\/european-union.europa.eu\/index_fr\u00a0\u00bb][\/vc_column_inner][\/vc_row_inner][vc_row_inner][vc_column_inner width=\u00a0\u00bb1\/4&Prime;][vc_single_image image=\u00a0\u00bb1446&Prime; img_size=\u00a0\u00bbfull\u00a0\u00bb onclick=\u00a0\u00bbcustom_link\u00a0\u00bb link=\u00a0\u00bbhttps:\/\/www.unaids.org\/fr\u00a0\u00bb][\/vc_column_inner][vc_column_inner width=\u00a0\u00bb1\/4&Prime;][vc_single_image image=\u00a0\u00bb1444&Prime; img_size=\u00a0\u00bbfull\u00a0\u00bb alignment=\u00a0\u00bbcenter\u00a0\u00bb onclick=\u00a0\u00bbcustom_link\u00a0\u00bb link=\u00a0\u00bbhttps:\/\/www.worldbank.org\/en\/home\u00a0\u00bb][\/vc_column_inner][vc_column_inner width=\u00a0\u00bb1\/4&Prime;][vc_single_image image=\u00a0\u00bb1408&Prime; img_size=\u00a0\u00bbfull\u00a0\u00bb alignment=\u00a0\u00bbcenter\u00a0\u00bb onclick=\u00a0\u00bbcustom_link\u00a0\u00bb link=\u00a0\u00bbhttps:\/\/unitaid.org\/#en\u00a0\u00bb][\/vc_column_inner][vc_column_inner el_class=\u00a0\u00bbicone\u00a0\u00bb width=\u00a0\u00bb1\/4&Prime;][\/vc_column_inner][\/vc_row_inner][\/vc_column][\/vc_row][\/vc_section][vc_row el_class=\u00a0\u00bbsection section-lieux-intervention\u00a0\u00bb][vc_column][vc_custom_heading text=\u00a0\u00bbLieux d&rsquo;intervention\u00a0\u00bb use_theme_fonts=\u00a0\u00bbyes\u00a0\u00bb][\/vc_column][vc_column][vc_column_text]Nous intervenons fr\u00e9quemment en Afrique notamment au S\u00e9n\u00e9gal, au Mali, au Mozambique, en \u00c9thiopie et en R\u00e9publique d\u00e9mocratique du Congo. Nous travaillons en Asie pour les bureaux r\u00e9gionaux des Agences de l\u2019ONU, par exemple, en Inde et en Indon\u00e9sie, pour le compte de l\u2019UNICEF et de l\u2019OMS, et en Am\u00e9rique Latine, notamment au Paraguay et au Panama.[\/vc_column_text][\/vc_column][\/vc_row][vc_section full_width=\u00a0\u00bbstretch_row\u00a0\u00bb el_class=\u00a0\u00bbsection section-lieu-map\u00a0\u00bb css=\u00a0\u00bb.vc_custom_1663288301131{background-image: url(http:\/\/preprod.actforperformance.com\/wp-content\/uploads\/2022\/09\/map-pays.png?id=133) !important;}\u00a0\u00bb][vc_row][vc_column][vc_empty_space height=\u00a0\u00bb750px\u00a0\u00bb][\/vc_column][\/vc_row][\/vc_section]<\/p>\n","protected":false},"excerpt":{"rendered":"Notre \u00e9quipe accompagnent les organisations publiques et priv\u00e9es vers la performance et l\u2019atteinte des r\u00e9sultats. Nous croyons que le succ\u00e8s d\u2019une organisation repose sur la qualit\u00e9 de son leadership et de son engagement, ","protected":false},"author":1,"featured_media":0,"parent":0,"menu_order":0,"comment_status":"closed","ping_status":"closed","template":"page-blank.php","meta":{"footnotes":""},"class_list":["post-55","page","type-page","status-publish","hentry"],"yoast_head":"<!-- This site is optimized with the Yoast SEO plugin v19.6.1 - https:\/\/yoast.com\/wordpress\/plugins\/seo\/ -->\n<title>Notre mission - preprod.actforperformance<\/title>\n<meta name=\"robots\" content=\"index, follow, max-snippet:-1, max-image-preview:large, max-video-preview:-1\" \/>\n<link rel=\"canonical\" href=\"https:\/\/preprod.actforperformance.com\/fr\/notre-mission\/\" \/>\n<meta property=\"og:locale\" content=\"fr_FR\" \/>\n<meta property=\"og:type\" content=\"article\" \/>\n<meta property=\"og:title\" content=\"Notre mission - preprod.actforperformance\" \/>\n<meta property=\"og:description\" content=\"Notre \u00e9quipe accompagnent les organisations publiques et priv\u00e9es vers la performance et l\u2019atteinte des r\u00e9sultats. Nous croyons que le succ\u00e8s d\u2019une organisation repose sur la qualit\u00e9 de son leadership et de son engagement,\" \/>\n<meta property=\"og:url\" content=\"https:\/\/preprod.actforperformance.com\/fr\/notre-mission\/\" \/>\n<meta property=\"og:site_name\" content=\"preprod.actforperformance\" \/>\n<meta property=\"article:modified_time\" content=\"2022-09-30T22:49:40+00:00\" \/>\n<meta name=\"twitter:card\" content=\"summary_large_image\" \/>\n<meta name=\"twitter:label1\" content=\"Dur\u00e9e de lecture estim\u00e9e\" \/>\n\t<meta name=\"twitter:data1\" content=\"5 minutes\" \/>\n<script type=\"application\/ld+json\" class=\"yoast-schema-graph\">{\"@context\":\"https:\/\/schema.org\",\"@graph\":[{\"@type\":\"WebPage\",\"@id\":\"https:\/\/preprod.actforperformance.com\/fr\/notre-mission\/\",\"url\":\"https:\/\/preprod.actforperformance.com\/fr\/notre-mission\/\",\"name\":\"Notre mission - preprod.actforperformance\",\"isPartOf\":{\"@id\":\"https:\/\/preprod.actforperformance.com\/#website\"},\"datePublished\":\"2022-09-02T14:52:28+00:00\",\"dateModified\":\"2022-09-30T22:49:40+00:00\",\"breadcrumb\":{\"@id\":\"https:\/\/preprod.actforperformance.com\/fr\/notre-mission\/#breadcrumb\"},\"inLanguage\":\"fr-FR\",\"potentialAction\":[{\"@type\":\"ReadAction\",\"target\":[\"https:\/\/preprod.actforperformance.com\/fr\/notre-mission\/\"]}]},{\"@type\":\"BreadcrumbList\",\"@id\":\"https:\/\/preprod.actforperformance.com\/fr\/notre-mission\/#breadcrumb\",\"itemListElement\":[{\"@type\":\"ListItem\",\"position\":1,\"name\":\"Accueil\",\"item\":\"https:\/\/preprod.actforperformance.com\/fr\/\"},{\"@type\":\"ListItem\",\"position\":2,\"name\":\"Notre mission\"}]},{\"@type\":\"WebSite\",\"@id\":\"https:\/\/preprod.actforperformance.com\/#website\",\"url\":\"https:\/\/preprod.actforperformance.com\/\",\"name\":\"preprod.actforperformance\",\"description\":\"Un site utilisant WordPress\",\"potentialAction\":[{\"@type\":\"SearchAction\",\"target\":{\"@type\":\"EntryPoint\",\"urlTemplate\":\"https:\/\/preprod.actforperformance.com\/?s={search_term_string}\"},\"query-input\":\"required name=search_term_string\"}],\"inLanguage\":\"fr-FR\"}]}<\/script>\n<!-- \/ Yoast SEO plugin. -->","yoast_head_json":{"title":"Notre mission - preprod.actforperformance","robots":{"index":"index","follow":"follow","max-snippet":"max-snippet:-1","max-image-preview":"max-image-preview:large","max-video-preview":"max-video-preview:-1"},"canonical":"https:\/\/preprod.actforperformance.com\/fr\/notre-mission\/","og_locale":"fr_FR","og_type":"article","og_title":"Notre mission - preprod.actforperformance","og_description":"Notre \u00e9quipe accompagnent les organisations publiques et priv\u00e9es vers la performance et l\u2019atteinte des r\u00e9sultats. Nous croyons que le succ\u00e8s d\u2019une organisation repose sur la qualit\u00e9 de son leadership et de son engagement,","og_url":"https:\/\/preprod.actforperformance.com\/fr\/notre-mission\/","og_site_name":"preprod.actforperformance","article_modified_time":"2022-09-30T22:49:40+00:00","twitter_card":"summary_large_image","twitter_misc":{"Dur\u00e9e de lecture estim\u00e9e":"5 minutes"},"schema":{"@context":"https:\/\/schema.org","@graph":[{"@type":"WebPage","@id":"https:\/\/preprod.actforperformance.com\/fr\/notre-mission\/","url":"https:\/\/preprod.actforperformance.com\/fr\/notre-mission\/","name":"Notre mission - preprod.actforperformance","isPartOf":{"@id":"https:\/\/preprod.actforperformance.com\/#website"},"datePublished":"2022-09-02T14:52:28+00:00","dateModified":"2022-09-30T22:49:40+00:00","breadcrumb":{"@id":"https:\/\/preprod.actforperformance.com\/fr\/notre-mission\/#breadcrumb"},"inLanguage":"fr-FR","potentialAction":[{"@type":"ReadAction","target":["https:\/\/preprod.actforperformance.com\/fr\/notre-mission\/"]}]},{"@type":"BreadcrumbList","@id":"https:\/\/preprod.actforperformance.com\/fr\/notre-mission\/#breadcrumb","itemListElement":[{"@type":"ListItem","position":1,"name":"Accueil","item":"https:\/\/preprod.actforperformance.com\/fr\/"},{"@type":"ListItem","position":2,"name":"Notre mission"}]},{"@type":"WebSite","@id":"https:\/\/preprod.actforperformance.com\/#website","url":"https:\/\/preprod.actforperformance.com\/","name":"preprod.actforperformance","description":"Un site utilisant WordPress","potentialAction":[{"@type":"SearchAction","target":{"@type":"EntryPoint","urlTemplate":"https:\/\/preprod.actforperformance.com\/?s={search_term_string}"},"query-input":"required name=search_term_string"}],"inLanguage":"fr-FR"}]}},"_links":{"self":[{"href":"https:\/\/preprod.actforperformance.com\/fr\/wp-json\/wp\/v2\/pages\/55","targetHints":{"allow":["GET"]}}],"collection":[{"href":"https:\/\/preprod.actforperformance.com\/fr\/wp-json\/wp\/v2\/pages"}],"about":[{"href":"https:\/\/preprod.actforperformance.com\/fr\/wp-json\/wp\/v2\/types\/page"}],"author":[{"embeddable":true,"href":"https:\/\/preprod.actforperformance.com\/fr\/wp-json\/wp\/v2\/users\/1"}],"replies":[{"embeddable":true,"href":"https:\/\/preprod.actforperformance.com\/fr\/wp-json\/wp\/v2\/comments?post=55"}],"version-history":[{"count":55,"href":"https:\/\/preprod.actforperformance.com\/fr\/wp-json\/wp\/v2\/pages\/55\/revisions"}],"predecessor-version":[{"id":1520,"href":"https:\/\/preprod.actforperformance.com\/fr\/wp-json\/wp\/v2\/pages\/55\/revisions\/1520"}],"wp:attachment":[{"href":"https:\/\/preprod.actforperformance.com\/fr\/wp-json\/wp\/v2\/media?parent=55"}],"curies":[{"name":"wp","href":"https:\/\/api.w.org\/{rel}","templated":true}]}}