{"id":41,"date":"2022-09-02T14:02:24","date_gmt":"2022-09-02T12:02:24","guid":{"rendered":"http:\/\/preprod.actforperformance.com\/?page_id=41"},"modified":"2022-09-19T11:56:55","modified_gmt":"2022-09-19T09:56:55","slug":"contactez-nous","status":"publish","type":"page","link":"https:\/\/preprod.actforperformance.com\/fr\/contactez-nous\/","title":{"rendered":"Contactez-nous"},"content":{"rendered":"<p>[vc_section full_width=\u00a0\u00bbstretch_row\u00a0\u00bb el_id=\u00a0\u00bbsection-hero\u00a0\u00bb el_class=\u00a0\u00bbsection section-hero\u00a0\u00bb css=\u00a0\u00bb.vc_custom_1662129608666{background-image: url(http:\/\/preprod.actforperformance.com\/wp-content\/uploads\/2022\/09\/Rectangle-2.png?id=46) !important;background-position: center !important;background-repeat: no-repeat !important;background-size: cover !important;}\u00a0\u00bb][vc_row css=\u00a0\u00bb.vc_custom_1661953438648{background-image: url(http:\/\/act-for-performance-wp.local\/wp-content\/uploads\/2022\/08\/Rectangle-2.png?id=34) !important;background-position: center !important;background-repeat: no-repeat !important;background-size: cover !important;}\u00a0\u00bb][vc_column][vc_empty_space height=\u00a0\u00bb50px\u00a0\u00bb][vc_custom_heading text=\u00a0\u00bbNous<br \/>\ncontacter\u00a0\u00bb font_container=\u00a0\u00bbtag:h2|text_align:left|color:%23ffffff\u00a0\u00bb use_theme_fonts=\u00a0\u00bbyes\u00a0\u00bb][vc_empty_space height=\u00a0\u00bb100px\u00a0\u00bb][\/vc_column][\/vc_row][\/vc_section][vc_section el_id=\u00a0\u00bbsection-contact-form\u00a0\u00bb el_class=\u00a0\u00bbsection section-contact-form\u00a0\u00bb css=\u00a0\u00bb.vc_custom_1663337384238{padding-top: 0px !important;}\u00a0\u00bb][vc_row][vc_column][vc_custom_heading text=\u00a0\u00bbEnvoyez-nous un message!\u00a0\u00bb font_container=\u00a0\u00bbtag:h5|text_align:left\u00a0\u00bb use_theme_fonts=\u00a0\u00bbyes\u00a0\u00bb]<div role=\"form\" class=\"wpcf7\" id=\"wpcf7-f40-o1\" lang=\"fr-FR\" dir=\"ltr\">\n<div class=\"screen-reader-response\"><p role=\"status\" aria-live=\"polite\" aria-atomic=\"true\"><\/p> <ul><\/ul><\/div>\n<form action=\"\/fr\/wp-json\/wp\/v2\/pages\/41#wpcf7-f40-o1\" method=\"post\" class=\"wpcf7-form init\" novalidate=\"novalidate\" data-status=\"init\">\n<div style=\"display: none;\">\n<input type=\"hidden\" name=\"_wpcf7\" value=\"40\" \/>\n<input type=\"hidden\" name=\"_wpcf7_version\" value=\"5.6.3\" \/>\n<input type=\"hidden\" name=\"_wpcf7_locale\" value=\"fr_FR\" \/>\n<input type=\"hidden\" name=\"_wpcf7_unit_tag\" value=\"wpcf7-f40-o1\" \/>\n<input type=\"hidden\" name=\"_wpcf7_container_post\" value=\"0\" \/>\n<input type=\"hidden\" name=\"_wpcf7_posted_data_hash\" value=\"\" \/>\n<\/div>\n<p><span class=\"wpcf7-form-control-wrap\" data-name=\"your-name\"><input type=\"text\" name=\"your-name\" value=\"\" size=\"40\" class=\"wpcf7-form-control wpcf7-text wpcf7-validates-as-required\" aria-required=\"true\" aria-invalid=\"false\" placeholder=\"Nom*\" \/><\/span><\/p>\n<p><span class=\"wpcf7-form-control-wrap\" data-name=\"your-compagnie\"><input type=\"text\" name=\"your-compagnie\" value=\"\" size=\"40\" class=\"wpcf7-form-control wpcf7-text\" aria-invalid=\"false\" placeholder=\"Compagnie\" \/><\/span><\/p>\n<p><span class=\"wpcf7-form-control-wrap\" data-name=\"your-email\"><input type=\"email\" name=\"your-email\" value=\"\" size=\"40\" class=\"wpcf7-form-control wpcf7-text wpcf7-email wpcf7-validates-as-required wpcf7-validates-as-email\" aria-required=\"true\" aria-invalid=\"false\" placeholder=\"Courriel*\" \/><\/span><\/p>\n<p><span class=\"wpcf7-form-control-wrap\" data-name=\"your-subject\"><input type=\"text\" name=\"your-subject\" value=\"\" size=\"40\" class=\"wpcf7-form-control wpcf7-text wpcf7-validates-as-required\" aria-required=\"true\" aria-invalid=\"false\" placeholder=\"Sujet*\" \/><\/span><\/p>\n<p><span class=\"wpcf7-form-control-wrap\" data-name=\"your-message\"><textarea name=\"your-message\" cols=\"40\" rows=\"10\" class=\"wpcf7-form-control wpcf7-textarea\" aria-invalid=\"false\" placeholder=\"Message\"><\/textarea><\/span><\/p>\n<p><input type=\"submit\" value=\"Envoyer\" class=\"wpcf7-form-control has-spinner wpcf7-submit\" \/><\/p>\n<div class=\"wpcf7-response-output\" aria-hidden=\"true\"><\/div><\/form><\/div>[\/vc_column][\/vc_row][\/vc_section][vc_section el_id=\u00a0\u00bbsection-contact-information\u00a0\u00bb el_class=\u00a0\u00bbsection section-contact-information\u00a0\u00bb][vc_row][vc_column][vc_column_text]<strong>Informations<\/strong><br \/>\nPour en savoir plus sur notre entreprise, s.v.p. contacter<br \/>\nMme Madeleine Guay, Vice-pr\u00e9sidente de ACT for Performance.<br \/>\n<strong><a href=\"mailto:mguay@actforperformance.com\">mguay@actforperformance.com<\/a><\/strong><\/p>\n<p><strong>Recrutement<\/strong><br \/>\n<span style=\"font-weight: 400;\">Les professionnels qui aimeraient contribuer \u00e0 notre mission sont invit\u00e9s \u00e0 soumettre leurs CV (en Word ou en PDF) avec une courte note r\u00e9sumant leur int\u00e9r\u00eat \u00e0 M. Franke Toornstra, Pr\u00e9sident de ACT for Performance.<\/span><br \/>\n<strong><a href=\"mailto:ftoornstra@actforperformance.com\">ftoornstra@actforperformance.com<\/a><\/strong>[\/vc_column_text][\/vc_column][\/vc_row][\/vc_section][vc_section el_id=\u00a0\u00bbsection-contact-buttom\u00a0\u00bb el_class=\u00a0\u00bbsection section-contact-buttom\u00a0\u00bb][vc_row][vc_column][vc_custom_heading text=\u00a0\u00bbNos bureaux\u00a0\u00bb font_container=\u00a0\u00bbtag:h4|text_align:left\u00a0\u00bb use_theme_fonts=\u00a0\u00bbyes\u00a0\u00bb][\/vc_column][\/vc_row][vc_row][vc_column width=\u00a0\u00bb1\/2&Prime; offset=\u00a0\u00bbvc_col-md-4&Prime;][vc_custom_heading text=\u00a0\u00bbEde, Pays-Bas\u00a0\u00bb font_container=\u00a0\u00bbtag:h6|text_align:left\u00a0\u00bb use_theme_fonts=\u00a0\u00bbyes\u00a0\u00bb][vc_column_text]ACT for Performance BV<br \/>\nJoostenkamp 45<br \/>\n7261 PJ Ruurlo<br \/>\nPays-Bas<\/p>\n<p>&nbsp;<\/p>\n<p>+31 6 1214 5915[\/vc_column_text][vc_column_text]Contact: M. Franke Toornstra<\/p>\n<p class=\"details-sub-title\"><a href=\"mailto:ftoornstra@actforperformance.com\">ftoornstra@actforperformance.com<\/a><\/p>\n<p>[\/vc_column_text][\/vc_column][vc_column width=\u00a0\u00bb1\/2&Prime; offset=\u00a0\u00bbvc_col-md-4&Prime;][vc_custom_heading text=\u00a0\u00bbMontr\u00e9al, Canada\u00a0\u00bb font_container=\u00a0\u00bbtag:h6|text_align:left\u00a0\u00bb use_theme_fonts=\u00a0\u00bbyes\u00a0\u00bb][vc_column_text]Contact: Mme Madeleine Guay<\/p>\n<p class=\"details-sub-title\"><a href=\"mailto:mguay@actforperformance.com\">mguay@actforperformance.com<\/a><\/p>\n<p>[\/vc_column_text][vc_column_text]T\u00e9l\u00e9phone<br \/>\n+ 1 514 504 6209[\/vc_column_text][\/vc_column][vc_column width=\u00a0\u00bb1\/2&Prime; offset=\u00a0\u00bbvc_col-md-4&Prime;][vc_custom_heading text=\u00a0\u00bbNos repr\u00e9sentants\u00a0\u00bb font_container=\u00a0\u00bbtag:h6|text_align:left\u00a0\u00bb use_theme_fonts=\u00a0\u00bbyes\u00a0\u00bb][vc_column_text]<\/p>\n<p class=\"details-title\">Afrique du Sud<\/p>\n<p class=\"details-sub-title\">Repr\u00e9sentant \u00e0 Pr\u00e9toria<\/p>\n<p>M. Alain Onibon<\/p>\n<p class=\"details-sub-title\"><a href=\"mailto:aonibon@actforperformance.com\">aonibon@actforperformance.com<\/a><\/p>\n<p>[\/vc_column_text][vc_column_text]<\/p>\n<p class=\"details-title\">Ha\u00efti<\/p>\n<p class=\"details-sub-title\">Repr\u00e9sentant \u00e0 Port-au-Prince<\/p>\n<p>M. Lordis Bernard<\/p>\n<p class=\"details-sub-title\"><a href=\"mailto:lordis.bernard@gmail.com\">lordis.bernard@gmail.com<\/a><\/p>\n<p>[\/vc_column_text][vc_column_text]<\/p>\n<p class=\"details-title\">Mali<\/p>\n<p class=\"details-sub-title\">Repr\u00e9sentant \u00e0 Bamako<\/p>\n<p>M. Gino Pelletier<\/p>\n<p class=\"details-sub-title\"><a href=\"mailto:pelletier.gino@forex-afrique.com\">pelletier.gino@forex-afrique.com<\/a><\/p>\n<p>[\/vc_column_text][vc_column_text]<\/p>\n<p class=\"details-title\">Mozambique<\/p>\n<p class=\"details-sub-title\">Repr\u00e9sentante \u00e0 Maputo<\/p>\n<p>Mme Claudette Lavall\u00e9e<\/p>\n<p class=\"details-sub-title\"><a href=\"mailto:claudette@prowater.co.mz\">claudette@prowater.co.mz<\/a><\/p>\n<p>[\/vc_column_text][vc_column_text]<\/p>\n<p class=\"details-title\">Panama<\/p>\n<p class=\"details-sub-title\">Repr\u00e9sentante \u00e0 Panama<\/p>\n<p>Mme Idania Fernandez Jaramillo<\/p>\n<p class=\"details-sub-title\"><a href=\"mailto:ifernandez@actforperformance.com\">ifernandez@actforperformance.com<\/a><\/p>\n<p>[\/vc_column_text][vc_column_text]<\/p>\n<p class=\"details-title\">S\u00e9n\u00e9gal<\/p>\n<p class=\"details-sub-title\">Repr\u00e9sentant \u00e0 Dakar<\/p>\n<p>M. Malick Diop<\/p>\n<p class=\"details-sub-title\"><a href=\"mailto:mdiop@actforperformance.com\">mdiop@actforperformance.com<\/a><\/p>\n<p>[\/vc_column_text][\/vc_column][\/vc_row][\/vc_section][vc_row][vc_column][vc_empty_space height=\u00a0\u00bb40px\u00a0\u00bb][\/vc_column][\/vc_row]<\/p>\n","protected":false},"excerpt":{"rendered":"Informations Pour en savoir plus sur notre entreprise, s.v.p. contacter Mme Madeleine Guay, ","protected":false},"author":2,"featured_media":0,"parent":0,"menu_order":0,"comment_status":"closed","ping_status":"closed","template":"page-blank.php","meta":{"footnotes":""},"class_list":["post-41","page","type-page","status-publish","hentry"],"yoast_head":"<!-- This site is optimized with the Yoast SEO plugin v19.6.1 - https:\/\/yoast.com\/wordpress\/plugins\/seo\/ -->\n<title>Contactez-nous - preprod.actforperformance<\/title>\n<meta name=\"robots\" content=\"index, follow, max-snippet:-1, max-image-preview:large, max-video-preview:-1\" \/>\n<link rel=\"canonical\" href=\"https:\/\/preprod.actforperformance.com\/fr\/contactez-nous\/\" \/>\n<meta property=\"og:locale\" content=\"fr_FR\" \/>\n<meta property=\"og:type\" content=\"article\" \/>\n<meta property=\"og:title\" content=\"Contactez-nous - preprod.actforperformance\" \/>\n<meta property=\"og:description\" content=\"Informations Pour en savoir plus sur notre entreprise, s.v.p. contacter Mme Madeleine Guay,\" \/>\n<meta property=\"og:url\" content=\"https:\/\/preprod.actforperformance.com\/fr\/contactez-nous\/\" \/>\n<meta property=\"og:site_name\" content=\"preprod.actforperformance\" \/>\n<meta property=\"article:modified_time\" content=\"2022-09-19T09:56:55+00:00\" \/>\n<meta name=\"twitter:card\" content=\"summary_large_image\" \/>\n<meta name=\"twitter:label1\" content=\"Dur\u00e9e de lecture estim\u00e9e\" \/>\n\t<meta name=\"twitter:data1\" content=\"1 minute\" \/>\n<script type=\"application\/ld+json\" class=\"yoast-schema-graph\">{\"@context\":\"https:\/\/schema.org\",\"@graph\":[{\"@type\":\"WebPage\",\"@id\":\"https:\/\/preprod.actforperformance.com\/fr\/contactez-nous\/\",\"url\":\"https:\/\/preprod.actforperformance.com\/fr\/contactez-nous\/\",\"name\":\"Contactez-nous - preprod.actforperformance\",\"isPartOf\":{\"@id\":\"https:\/\/preprod.actforperformance.com\/#website\"},\"datePublished\":\"2022-09-02T12:02:24+00:00\",\"dateModified\":\"2022-09-19T09:56:55+00:00\",\"breadcrumb\":{\"@id\":\"https:\/\/preprod.actforperformance.com\/fr\/contactez-nous\/#breadcrumb\"},\"inLanguage\":\"fr-FR\",\"potentialAction\":[{\"@type\":\"ReadAction\",\"target\":[\"https:\/\/preprod.actforperformance.com\/fr\/contactez-nous\/\"]}]},{\"@type\":\"BreadcrumbList\",\"@id\":\"https:\/\/preprod.actforperformance.com\/fr\/contactez-nous\/#breadcrumb\",\"itemListElement\":[{\"@type\":\"ListItem\",\"position\":1,\"name\":\"Accueil\",\"item\":\"https:\/\/preprod.actforperformance.com\/fr\/\"},{\"@type\":\"ListItem\",\"position\":2,\"name\":\"Contactez-nous\"}]},{\"@type\":\"WebSite\",\"@id\":\"https:\/\/preprod.actforperformance.com\/#website\",\"url\":\"https:\/\/preprod.actforperformance.com\/\",\"name\":\"preprod.actforperformance\",\"description\":\"Un site utilisant WordPress\",\"potentialAction\":[{\"@type\":\"SearchAction\",\"target\":{\"@type\":\"EntryPoint\",\"urlTemplate\":\"https:\/\/preprod.actforperformance.com\/?s={search_term_string}\"},\"query-input\":\"required name=search_term_string\"}],\"inLanguage\":\"fr-FR\"}]}<\/script>\n<!-- \/ Yoast SEO plugin. -->","yoast_head_json":{"title":"Contactez-nous - preprod.actforperformance","robots":{"index":"index","follow":"follow","max-snippet":"max-snippet:-1","max-image-preview":"max-image-preview:large","max-video-preview":"max-video-preview:-1"},"canonical":"https:\/\/preprod.actforperformance.com\/fr\/contactez-nous\/","og_locale":"fr_FR","og_type":"article","og_title":"Contactez-nous - preprod.actforperformance","og_description":"Informations Pour en savoir plus sur notre entreprise, s.v.p. contacter Mme Madeleine Guay,","og_url":"https:\/\/preprod.actforperformance.com\/fr\/contactez-nous\/","og_site_name":"preprod.actforperformance","article_modified_time":"2022-09-19T09:56:55+00:00","twitter_card":"summary_large_image","twitter_misc":{"Dur\u00e9e de lecture estim\u00e9e":"1 minute"},"schema":{"@context":"https:\/\/schema.org","@graph":[{"@type":"WebPage","@id":"https:\/\/preprod.actforperformance.com\/fr\/contactez-nous\/","url":"https:\/\/preprod.actforperformance.com\/fr\/contactez-nous\/","name":"Contactez-nous - preprod.actforperformance","isPartOf":{"@id":"https:\/\/preprod.actforperformance.com\/#website"},"datePublished":"2022-09-02T12:02:24+00:00","dateModified":"2022-09-19T09:56:55+00:00","breadcrumb":{"@id":"https:\/\/preprod.actforperformance.com\/fr\/contactez-nous\/#breadcrumb"},"inLanguage":"fr-FR","potentialAction":[{"@type":"ReadAction","target":["https:\/\/preprod.actforperformance.com\/fr\/contactez-nous\/"]}]},{"@type":"BreadcrumbList","@id":"https:\/\/preprod.actforperformance.com\/fr\/contactez-nous\/#breadcrumb","itemListElement":[{"@type":"ListItem","position":1,"name":"Accueil","item":"https:\/\/preprod.actforperformance.com\/fr\/"},{"@type":"ListItem","position":2,"name":"Contactez-nous"}]},{"@type":"WebSite","@id":"https:\/\/preprod.actforperformance.com\/#website","url":"https:\/\/preprod.actforperformance.com\/","name":"preprod.actforperformance","description":"Un site utilisant WordPress","potentialAction":[{"@type":"SearchAction","target":{"@type":"EntryPoint","urlTemplate":"https:\/\/preprod.actforperformance.com\/?s={search_term_string}"},"query-input":"required name=search_term_string"}],"inLanguage":"fr-FR"}]}},"_links":{"self":[{"href":"https:\/\/preprod.actforperformance.com\/fr\/wp-json\/wp\/v2\/pages\/41","targetHints":{"allow":["GET"]}}],"collection":[{"href":"https:\/\/preprod.actforperformance.com\/fr\/wp-json\/wp\/v2\/pages"}],"about":[{"href":"https:\/\/preprod.actforperformance.com\/fr\/wp-json\/wp\/v2\/types\/page"}],"author":[{"embeddable":true,"href":"https:\/\/preprod.actforperformance.com\/fr\/wp-json\/wp\/v2\/users\/2"}],"replies":[{"embeddable":true,"href":"https:\/\/preprod.actforperformance.com\/fr\/wp-json\/wp\/v2\/comments?post=41"}],"version-history":[{"count":31,"href":"https:\/\/preprod.actforperformance.com\/fr\/wp-json\/wp\/v2\/pages\/41\/revisions"}],"predecessor-version":[{"id":1499,"href":"https:\/\/preprod.actforperformance.com\/fr\/wp-json\/wp\/v2\/pages\/41\/revisions\/1499"}],"wp:attachment":[{"href":"https:\/\/preprod.actforperformance.com\/fr\/wp-json\/wp\/v2\/media?parent=41"}],"curies":[{"name":"wp","href":"https:\/\/api.w.org\/{rel}","templated":true}]}}