{"id":14,"date":"2022-09-02T11:01:43","date_gmt":"2022-09-02T09:01:43","guid":{"rendered":"https:\/\/preprod.actforperformance.com\/?page_id=14"},"modified":"2022-09-28T12:51:23","modified_gmt":"2022-09-28T10:51:23","slug":"accueil","status":"publish","type":"page","link":"https:\/\/preprod.actforperformance.com\/fr\/","title":{"rendered":"Accueil"},"content":{"rendered":"<p>[vc_section full_width=\u00a0\u00bbstretch_row_content\u00a0\u00bb el_class=\u00a0\u00bbsection section-slider\u00a0\u00bb][vc_row el_class=\u00a0\u00bbtext-slide\u00a0\u00bb][vc_column][vc_raw_html el_class=\u00a0\u00bbslide-text\u00a0\u00bb]JTNDZGl2JTIwY2xhc3MlM0QlMjJob21lLXRleHQlMjIlM0UlMEElM0NoMyUyMGNsYXNzJTNEJTIydGV4dDElMjIlM0VBQ1QlMjBmb3IlM0NiciUzRVBlcmZvcm1hbmNlJTNDJTJGaDMlM0UlMEElM0NkaXYlMjBpZCUzRCUyMnR5cGVkLXN0cmluZ3MlMjIlM0UlMEElMjAlMjAlM0NoMyUyMGNsYXNzJTNEJTIydGV4dDIlMjIlM0Vwb3VyJTIwbWlldXglMjAlMjAlMjAlM0NzdHJvbmclM0Vjb21wcmVuZHJlJTNDJTJGc3Ryb25nJTNFJTIwbGUlMjBtb25kZS4lM0MlMkZoMyUzRSUyMCUwQSUzQyUyRmRpdiUzRSUwQSUzQ3NwYW4lMjBpZCUzRCUyMnR5cGVkJTIyJTNFJTNDJTJGc3BhbiUzRSUwQSUzQyUyRmRpdiUzRSUwQSUwQQ==[\/vc_raw_html][vc_carousel_father arrow=\u00a0\u00bbfalse\u00a0\u00bb dotclr=\u00a0\u00bb#757575&Prime;][vc_carousel_son image_id=\u00a0\u00bb16&Prime;][\/vc_carousel_son][vc_carousel_son image_id=\u00a0\u00bb17&Prime;][\/vc_carousel_son][vc_carousel_son image_id=\u00a0\u00bb18&Prime;][\/vc_carousel_son][vc_carousel_son image_id=\u00a0\u00bb19&Prime;][\/vc_carousel_son][vc_carousel_son image_id=\u00a0\u00bb20&Prime;][\/vc_carousel_son][\/vc_carousel_father][\/vc_column][\/vc_row][\/vc_section][vc_section el_class=\u00a0\u00bbsection first-section\u00a0\u00bb][vc_row][vc_column][vc_column_text el_class=\u00a0\u00bbleft-text section-text-bold\u00a0\u00bb]ACT for Performance offre des services-conseils strat\u00e9giques, d\u2019\u00e9tudes sp\u00e9cialis\u00e9es et de suivi par des tiers et de gestion de projets et de fonds d\u2019investissement.<\/p>\n<p>Nous accompagnons les gouvernements, les agences bilat\u00e9rales et les organisations des Nations unies dans plusieurs r\u00e9gions du monde.[\/vc_column_text][vc_column_text el_class=\u00a0\u00bbright-text text-white\u00a0\u00bb css=\u00a0\u00bb.vc_custom_1663578292251{background-color: #354659 !important;}\u00a0\u00bb]Bien ancr\u00e9 dans de nombreux pays gr\u00e2ce \u00e0 son vaste r\u00e9seau de consultants, de repr\u00e9sentants de firmes associ\u00e9es, ACT for Performance est reconnu pour prioriser la voix des partenaires et la justesse de ses analyses et de sa vision prospective en d\u00e9veloppement.[\/vc_column_text][\/vc_column][\/vc_row][\/vc_section][vc_section full_width=\u00a0\u00bbstretch_row\u00a0\u00bb el_class=\u00a0\u00bbsection section-nos-services\u00a0\u00bb css=\u00a0\u00bb.vc_custom_1661930038158{background-color: #354659 !important;}\u00a0\u00bb][vc_row css=\u00a0\u00bb.vc_custom_1661445663784{background-color: #ffffff !important;}\u00a0\u00bb el_class=\u00a0\u00bbcontent-nos-services\u00a0\u00bb][vc_column el_class=\u00a0\u00bbleft-content\u00a0\u00bb][vc_custom_heading text=\u00a0\u00bbNos services\u00a0\u00bb use_theme_fonts=\u00a0\u00bbyes\u00a0\u00bb el_class=\u00a0\u00bbtext-primary\u00a0\u00bb][vc_row_inner el_class=\u00a0\u00bbright-content\u00a0\u00bb][vc_column_inner el_class=\u00a0\u00bbnos-services-left\u00a0\u00bb width=\u00a0\u00bb6\/12&Prime;][vc_custom_heading text=\u00a0\u00bb\u00c9tudes sp\u00e9cialis\u00e9es\u00a0\u00bb font_container=\u00a0\u00bbtag:h4|text_align:left\u00a0\u00bb use_theme_fonts=\u00a0\u00bbyes\u00a0\u00bb el_class=\u00a0\u00bbtext-primary\u00a0\u00bb][vc_column_text]<\/p>\n<ul>\n<li>\u00c9valuation et \u00e9tude d\u2019\u00e9valuabilit\u00e9<\/li>\n<li>Enqu\u00eate et Suivi par des tiers<\/li>\n<li>Revue organisationnelle<\/li>\n<\/ul>\n<p>[\/vc_column_text][\/vc_column_inner][vc_column_inner el_class=\u00a0\u00bbnos-services-right\u00a0\u00bb width=\u00a0\u00bb6\/12&Prime;][vc_custom_heading text=\u00a0\u00bbStrat\u00e9gie et gestion\u00a0\u00bb font_container=\u00a0\u00bbtag:h4|text_align:left\u00a0\u00bb use_theme_fonts=\u00a0\u00bbyes\u00a0\u00bb][vc_column_text]<\/p>\n<ul>\n<li>Planification strat\u00e9gique et op\u00e9rationnelle<\/li>\n<li>Gestion de projets et de fonds d\u2019investissement<\/li>\n<li>Syst\u00e8mes de suivi et \u00e9valuation (S&amp;E)<\/li>\n<li>Service d\u2019accompagnement, de formation et de coaching<\/li>\n<\/ul>\n<p>[\/vc_column_text][\/vc_column_inner][\/vc_row_inner][vc_column_text el_class=\u00a0\u00bbnos-services-link\u00a0\u00bb]<a class=\"button text-primary\" href=\"https:\/\/preprod.actforperformance.com\/fr\/projets\/\"><i class=\"fa fa-angle-right\"><\/i>D\u00e9couvrez nos projets<\/a>[\/vc_column_text][\/vc_column][\/vc_row][\/vc_section][vc_section el_class=\u00a0\u00bbsection section-for-performance-certifie\u00a0\u00bb][vc_row][vc_column][vc_custom_heading text=\u00a0\u00bbACT for Performance Certifi\u00e9\u00a0\u00bb use_theme_fonts=\u00a0\u00bbyes\u00a0\u00bb][vc_column_text]ACT for Performance poss\u00e8de une certification de gestionnaire de projet PRINCE2. Ses \u00e9quipes adh\u00e8rent au Pacte mondial des Nations unies relatifs aux droits de l&rsquo;homme, au travail, \u00e0 l&rsquo;environnement et \u00e0 la lutte contre la corruption ainsi qu\u2019aux standards des Nations unies en termes d\u2019\u00e9thique et de conduite.[\/vc_column_text][vc_row_inner el_class=\u00a0\u00bbcontent-act-performance\u00a0\u00bb][vc_column_inner el_class=\u00a0\u00bbright-performance\u00a0\u00bb width=\u00a0\u00bb6\/12&Prime;][vc_single_image image=\u00a0\u00bb23&Prime; img_size=\u00a0\u00bbfull\u00a0\u00bb alignment=\u00a0\u00bbcenter\u00a0\u00bb][\/vc_column_inner][vc_column_inner el_class=\u00a0\u00bbleft-performance\u00a0\u00bb width=\u00a0\u00bb6\/12&Prime; css=\u00a0\u00bb.vc_custom_1661508712141{background-color: #fff685 !important;}\u00a0\u00bb][vc_column_text]<\/p>\n<p class=\"section-text-bold\">Certifi\u00e9 PRINCE2<\/p>\n<p class=\"section-text-bold\">Depuis 2020, ACT for Performance affiche l\u2019accr\u00e9ditation ATO-PRINCE2 qui est d\u00e9cern\u00e9e par <a class=\"section-text-bold\" href=\"https:\/\/www.peoplecert.org\/axelos\">Axelos\/PeopleCert<\/a> Cette accr\u00e9ditation certifie que ACT for Performance est conforme aux exigences d\u2019application du r\u00e9f\u00e9rentiel PRINCE2 pour son programme de <a class=\"section-text-bold\" href=\"https:\/\/www.axelos.com\/certifications\/propath\/prince2-project-management\/prince2-foundation\">certification en Gestion de Projet<\/a> ainsi que pour ses processus de gestion de projet<\/p>\n<p>[\/vc_column_text][\/vc_column_inner][\/vc_row_inner][\/vc_column][\/vc_row][\/vc_section][vc_section full_width=\u00a0\u00bbstretch_row\u00a0\u00bb el_class=\u00a0\u00bbsection section-nos-valeurs\u00a0\u00bb css=\u00a0\u00bb.vc_custom_1661461129630{background-color: #354659 !important;}\u00a0\u00bb][vc_row][vc_column][vc_custom_heading text=\u00a0\u00bbNos valeurs\u00a0\u00bb use_theme_fonts=\u00a0\u00bbyes\u00a0\u00bb el_class=\u00a0\u00bbtext-white\u00a0\u00bb][vc_row_inner][vc_column_inner el_class=\u00a0\u00bbnos-valeurs-left\u00a0\u00bb width=\u00a0\u00bb6\/12&Prime;][vc_column_text]<\/p>\n<h5 class=\"btn-lg\" data-text=\"Nous croyons aux principes d\u2019acc\u00e8s aux services pour tous et d\u2019\u00e9galit\u00e9 entre les femmes et les hommes : nous reconnaissons le r\u00f4le central des femmes dans le d\u00e9veloppement et nous encourageons leur autonomisation, leur participation \u00e9gale en tant que d\u00e9cideurs et le respect de leurs droits.\" data-orientation=\"right\">Acc\u00e9s et \u00e9galit\u00e9 des chances<\/h5>\n<p>[\/vc_column_text][vc_column_text]<\/p>\n<h5 class=\"text-white btn-sm\" data-text=\"Nous croyons \u00e0 la reddition des comptes : toutes les organisations sont redevables envers les citoyens ou les clients, entre autres en produisant une information de qualit\u00e9 facilement accessible.\" data-orientation=\"right\">Transparence<\/h5>\n<p>[\/vc_column_text][\/vc_column_inner][vc_column_inner el_class=\u00a0\u00bbnos-valeurs-right\u00a0\u00bb width=\u00a0\u00bb6\/12&Prime;][vc_column_text]<\/p>\n<h5 class=\"btn-sm\" data-text=\"Nous accompagnons les organisations responsables qui visent des r\u00e9sultats durables \u00e0 long-terme en leur offrant des solutions adapt\u00e9es \u00e0 leurs besoins\" data-orientation=\"left\">Des r\u00e9sultats durables<\/h5>\n<p>[\/vc_column_text][vc_column_text]<\/p>\n<h5 class=\"btn-lg\" data-text=\"Nous priorisons les voix des communit\u00e9s diverses qui interviennent dans le secteur de la coop\u00e9ration et joignons les efforts de la communaut\u00e9 internationale pour harmoniser les actions des partenaires et travailler dans une perspective de d\u00e9veloppement durable.\" data-orientation=\"left\">solidarit\u00e9 internationale<\/h5>\n<p>[\/vc_column_text][\/vc_column_inner][\/vc_row_inner][\/vc_column][\/vc_row][\/vc_section][vc_section full_width=\u00a0\u00bbstretch_row\u00a0\u00bb css=\u00a0\u00bb.vc_custom_1662137959943{background-image: url(http:\/\/preprod.actforperformance.com\/wp-content\/uploads\/2022\/09\/Accueil-5-image-1.png?id=75) !important;}\u00a0\u00bb el_class=\u00a0\u00bbsection section-nos-secteurs\u00a0\u00bb][vc_row][vc_column][vc_custom_heading text=\u00a0\u00bbNos secteurs\u00a0\u00bb use_theme_fonts=\u00a0\u00bbyes\u00a0\u00bb][\/vc_column][\/vc_row][vc_row el_class=\u00a0\u00bbcontent-nos-secteurs\u00a0\u00bb css=\u00a0\u00bb.vc_custom_1661880022897{background-color: #ffffff !important;}\u00a0\u00bb][vc_column][vc_row_inner][vc_column_inner width=\u00a0\u00bb4\/12&Prime;][vc_single_image image=\u00a0\u00bb24&Prime; img_size=\u00a0\u00bbfull\u00a0\u00bb alignment=\u00a0\u00bbcenter\u00a0\u00bb][vc_column_text]System de gestiondes investissements publics (PMI)[\/vc_column_text][\/vc_column_inner][vc_column_inner width=\u00a0\u00bb4\/12&Prime;][vc_single_image image=\u00a0\u00bb28&Prime; img_size=\u00a0\u00bbfull\u00a0\u00bb alignment=\u00a0\u00bbcenter\u00a0\u00bb][vc_column_text]Sant\u00e9 de nutrition lutte contre le tabagisme[\/vc_column_text][\/vc_column_inner][vc_column_inner width=\u00a0\u00bb4\/12&Prime;][vc_single_image image=\u00a0\u00bb29&Prime; img_size=\u00a0\u00bbfull\u00a0\u00bb alignment=\u00a0\u00bbcenter\u00a0\u00bb][vc_column_text]Finance publique et passation des march\u00e9s[\/vc_column_text][\/vc_column_inner][\/vc_row_inner][vc_row_inner][vc_column_inner width=\u00a0\u00bb4\/12&Prime;][vc_single_image image=\u00a0\u00bb25&Prime; img_size=\u00a0\u00bbfull\u00a0\u00bb alignment=\u00a0\u00bbcenter\u00a0\u00bb][vc_column_text]Evironnement gestion de l&rsquo;eau[\/vc_column_text][\/vc_column_inner][vc_column_inner width=\u00a0\u00bb4\/12&Prime;][vc_single_image image=\u00a0\u00bb27&Prime; img_size=\u00a0\u00bbfull\u00a0\u00bb alignment=\u00a0\u00bbcenter\u00a0\u00bb][vc_column_text]D\u00e9veloppement rural s\u00e9curit\u00e9 alimentaire[\/vc_column_text][\/vc_column_inner][vc_column_inner width=\u00a0\u00bb4\/12&Prime;][vc_single_image image=\u00a0\u00bb26&Prime; img_size=\u00a0\u00bbfull\u00a0\u00bb alignment=\u00a0\u00bbcenter\u00a0\u00bb][vc_column_text]\u00c9tats fragiles[\/vc_column_text][\/vc_column_inner][\/vc_row_inner][vc_row_inner][vc_column_inner width=\u00a0\u00bb4\/12&Prime;][vc_single_image image=\u00a0\u00bb32&Prime; img_size=\u00a0\u00bbfull\u00a0\u00bb alignment=\u00a0\u00bbcenter\u00a0\u00bb][vc_column_text]Administration publique administration territorialeet d\u00e9centralisation[\/vc_column_text][\/vc_column_inner][vc_column_inner width=\u00a0\u00bb4\/12&Prime;][vc_single_image image=\u00a0\u00bb31&Prime; img_size=\u00a0\u00bbfull\u00a0\u00bb alignment=\u00a0\u00bbcenter\u00a0\u00bb][vc_column_text]Education, couvernance inclusive Protection sociale[\/vc_column_text][\/vc_column_inner][vc_column_inner width=\u00a0\u00bb4\/12&Prime;][vc_single_image image=\u00a0\u00bb30&Prime; img_size=\u00a0\u00bbfull\u00a0\u00bb alignment=\u00a0\u00bbcenter\u00a0\u00bb][vc_column_text]Financement bas\u00e9 surles r\u00e9sultats[\/vc_column_text][\/vc_column_inner][\/vc_row_inner][\/vc_column][\/vc_row][\/vc_section][vc_section el_class=\u00a0\u00bbsection section-nos-partenaires\u00a0\u00bb][vc_row][vc_column][vc_custom_heading text=\u00a0\u00bbNos partenaires\u00a0\u00bb use_theme_fonts=\u00a0\u00bbyes\u00a0\u00bb][vc_column_text]Le r\u00e9seau d\u2019ACT for Performance est form\u00e9 de ses associ\u00e9s, de ses consultants et de ses repr\u00e9sentants affili\u00e9s et des firmes partenaires.<br \/>\nSon si\u00e8ge op\u00e9rationnel principal est bas\u00e9 aux Pays-Bas et ses bureaux sont situ\u00e9s \u00e0 Montr\u00e9al et \u00e0 Qu\u00e9bec, au Canada.<br \/>\nSon r\u00e9seau de repr\u00e9sentants se retrouve en Afrique (S\u00e9n\u00e9gal, Mali, Niger, Madagascar, Mozambique, Afrique du Sud), en Asie (N\u00e9pal), jusqu\u2019en Am\u00e9rique Latine (Ha\u00efti, Panama).[\/vc_column_text][\/vc_column][\/vc_row][vc_row css=\u00a0\u00bb.vc_custom_1662017029639{background-color: #ffffff !important;}\u00a0\u00bb][vc_column width=\u00a0\u00bb6\/12&Prime; el_class=\u00a0\u00bbcontent-left-partenaire\u00a0\u00bb][vc_row_inner el_class=\u00a0\u00bblogo-partenaires\u00a0\u00bb][vc_column_inner width=\u00a0\u00bb1\/3&Prime;][vc_single_image image=\u00a0\u00bb261&Prime; img_size=\u00a0\u00bbfull\u00a0\u00bb onclick=\u00a0\u00bbcustom_link\u00a0\u00bb link=\u00a0\u00bbhttps:\/\/sciencessociales.uottawa.ca\/gouvernance\/\u00a0\u00bb][\/vc_column_inner][vc_column_inner width=\u00a0\u00bb1\/3&Prime;][vc_single_image image=\u00a0\u00bb139&Prime; img_size=\u00a0\u00bbfull\u00a0\u00bb alignment=\u00a0\u00bbcenter\u00a0\u00bb onclick=\u00a0\u00bbcustom_link\u00a0\u00bb link=\u00a0\u00bbhttps:\/\/www.coreadvice.com\/\u00a0\u00bb][\/vc_column_inner][vc_column_inner width=\u00a0\u00bb1\/3&Prime;][vc_single_image image=\u00a0\u00bb266&Prime; img_size=\u00a0\u00bbfull\u00a0\u00bb alignment=\u00a0\u00bbcenter\u00a0\u00bb onclick=\u00a0\u00bbcustom_link\u00a0\u00bb link=\u00a0\u00bbhttps:\/\/haitiefficace.com\/\u00a0\u00bb][\/vc_column_inner][\/vc_row_inner][vc_row_inner el_class=\u00a0\u00bblogo-partenaires\u00a0\u00bb][vc_column_inner width=\u00a0\u00bb1\/3&Prime;][vc_single_image image=\u00a0\u00bb264&Prime; img_size=\u00a0\u00bbfull\u00a0\u00bb onclick=\u00a0\u00bbcustom_link\u00a0\u00bb link=\u00a0\u00bbhttp:\/\/www.forex-afrique.com\/\u00a0\u00bb][\/vc_column_inner][vc_column_inner width=\u00a0\u00bb1\/3&Prime;][vc_single_image image=\u00a0\u00bb269&Prime; img_size=\u00a0\u00bbfull\u00a0\u00bb alignment=\u00a0\u00bbcenter\u00a0\u00bb onclick=\u00a0\u00bbcustom_link\u00a0\u00bb link=\u00a0\u00bbhttps:\/\/www.jarrco.info\/\u00a0\u00bb][\/vc_column_inner][vc_column_inner width=\u00a0\u00bb1\/3&Prime;][vc_single_image image=\u00a0\u00bb271&Prime; img_size=\u00a0\u00bbfull\u00a0\u00bb alignment=\u00a0\u00bbcenter\u00a0\u00bb onclick=\u00a0\u00bbcustom_link\u00a0\u00bb link=\u00a0\u00bbhttps:\/\/www.mdf.nl\/\u00a0\u00bb][\/vc_column_inner][\/vc_row_inner][vc_row_inner el_class=\u00a0\u00bblogo-partenaires\u00a0\u00bb][vc_column_inner width=\u00a0\u00bb1\/3&Prime;][vc_single_image image=\u00a0\u00bb273&Prime; img_size=\u00a0\u00bbfull\u00a0\u00bb onclick=\u00a0\u00bbcustom_link\u00a0\u00bb link=\u00a0\u00bbhttps:\/\/www.transitioninternational.com\/ti\/\u00a0\u00bb][\/vc_column_inner][vc_column_inner width=\u00a0\u00bb1\/3&Prime;][vc_single_image image=\u00a0\u00bb276&Prime; img_size=\u00a0\u00bbfull\u00a0\u00bb alignment=\u00a0\u00bbcenter\u00a0\u00bb onclick=\u00a0\u00bbcustom_link\u00a0\u00bb link=\u00a0\u00bbhttps:\/\/usi.umontreal.ca\/a-propos\/mission-de-lusi\/\u00a0\u00bb][\/vc_column_inner][vc_column_inner width=\u00a0\u00bb1\/3&Prime;][\/vc_column_inner][\/vc_row_inner][\/vc_column][vc_column width=\u00a0\u00bb6\/12&Prime; css=\u00a0\u00bb.vc_custom_1662017034033{background-color: #fff685 !important;}\u00a0\u00bb el_class=\u00a0\u00bbcontent-right-partenaire\u00a0\u00bb][vc_column_text]Depuis sa cr\u00e9ation, <strong>ACT for Performance<\/strong> privil\u00e9gie le travail en partenariat et, au fil des ans, l\u2019\u00e9quipe a tiss\u00e9 de nombreuses alliances avec diverses organisations publiques et priv\u00e9es autant en Europe qu\u2019au Canada, en Afrique et en Asie.[\/vc_column_text][\/vc_column][\/vc_row][\/vc_section][vc_section disable_element=\u00a0\u00bbyes\u00a0\u00bb][vc_row][vc_column width=\u00a0\u00bb3\/12&Prime;][vc_single_image image=\u00a0\u00bb46&Prime;][\/vc_column][vc_column width=\u00a0\u00bb3\/12&Prime;][vc_single_image image=\u00a0\u00bb46&Prime;][\/vc_column][vc_column width=\u00a0\u00bb3\/12&Prime;][vc_single_image image=\u00a0\u00bb46&Prime;][\/vc_column][\/vc_row][\/vc_section]<\/p>\n","protected":false},"excerpt":{"rendered":"JTNDZGl2JTIwY2xhc3MlM0QlMjJob21lLXRleHQlMjIlM0UlMEElM0NoMyUyMGNsYXNzJTNEJTIydGV4dDElMjIlM0VBQ1QlMjBmb3IlM0NiciUzRVBlcmZvcm1hbmNlJTNDJTJGaDMlM0UlMEElM0NkaXYlMjBpZCUzRCUyMnR5cGVkLXN0cmluZ3MlMjIlM0UlMEElMjAlMjAlM0NoMyUyMGNsYXNzJTNEJTIydGV4dDIlMjIlM0Vwb3VyJTIwbWlldXglMjAlMjAlMjAlM0NzdHJvbmclM0Vjb21wcmVuZHJlJTNDJTJGc3Ryb25nJTNFJTIwbGUlMjBtb25kZS4lM0MlMkZoMyUzRSUyMCUwQSUzQyUyRmRpdiUzRSUwQSUzQ3NwYW4lMjBpZCUzRCUyMnR5cGVkJTIyJTNFJTNDJTJGc3BhbiUzRSUwQSUzQyUyRmRpdiUzRSUwQSUwQQ==ACT for Performance offre des services-conseils strat\u00e9giques, d\u2019\u00e9tudes sp\u00e9cialis\u00e9es et de suivi par des tiers et de gestion de projets et de fonds d\u2019investissement. Nous accompagnons les gouvernements, les agences bilat\u00e9rales et les organisations des Nations unies dans plusieurs ","protected":false},"author":3,"featured_media":0,"parent":0,"menu_order":0,"comment_status":"closed","ping_status":"closed","template":"page-blank.php","meta":{"footnotes":""},"class_list":["post-14","page","type-page","status-publish","hentry"],"yoast_head":"<!-- This site is optimized with the Yoast SEO plugin v19.6.1 - https:\/\/yoast.com\/wordpress\/plugins\/seo\/ -->\n<title>Accueil - preprod.actforperformance<\/title>\n<meta name=\"robots\" content=\"index, follow, max-snippet:-1, max-image-preview:large, max-video-preview:-1\" \/>\n<link rel=\"canonical\" href=\"https:\/\/preprod.actforperformance.com\/fr\/\" \/>\n<meta property=\"og:locale\" content=\"fr_FR\" \/>\n<meta property=\"og:type\" content=\"article\" \/>\n<meta property=\"og:title\" content=\"Accueil - preprod.actforperformance\" \/>\n<meta property=\"og:description\" content=\"JTNDZGl2JTIwY2xhc3MlM0QlMjJob21lLXRleHQlMjIlM0UlMEElM0NoMyUyMGNsYXNzJTNEJTIydGV4dDElMjIlM0VBQ1QlMjBmb3IlM0NiciUzRVBlcmZvcm1hbmNlJTNDJTJGaDMlM0UlMEElM0NkaXYlMjBpZCUzRCUyMnR5cGVkLXN0cmluZ3MlMjIlM0UlMEElMjAlMjAlM0NoMyUyMGNsYXNzJTNEJTIydGV4dDIlMjIlM0Vwb3VyJTIwbWlldXglMjAlMjAlMjAlM0NzdHJvbmclM0Vjb21wcmVuZHJlJTNDJTJGc3Ryb25nJTNFJTIwbGUlMjBtb25kZS4lM0MlMkZoMyUzRSUyMCUwQSUzQyUyRmRpdiUzRSUwQSUzQ3NwYW4lMjBpZCUzRCUyMnR5cGVkJTIyJTNFJTNDJTJGc3BhbiUzRSUwQSUzQyUyRmRpdiUzRSUwQSUwQQ==ACT for Performance offre des services-conseils strat\u00e9giques, d\u2019\u00e9tudes sp\u00e9cialis\u00e9es et de suivi par des tiers et de gestion de projets et de fonds d\u2019investissement. Nous accompagnons les gouvernements, les agences bilat\u00e9rales et les organisations des Nations unies dans plusieurs\" \/>\n<meta property=\"og:url\" content=\"https:\/\/preprod.actforperformance.com\/fr\/\" \/>\n<meta property=\"og:site_name\" content=\"preprod.actforperformance\" \/>\n<meta property=\"article:modified_time\" content=\"2022-09-28T10:51:23+00:00\" \/>\n<meta name=\"twitter:card\" content=\"summary_large_image\" \/>\n<meta name=\"twitter:label1\" content=\"Dur\u00e9e de lecture estim\u00e9e\" \/>\n\t<meta name=\"twitter:data1\" content=\"3 minutes\" \/>\n<script type=\"application\/ld+json\" class=\"yoast-schema-graph\">{\"@context\":\"https:\/\/schema.org\",\"@graph\":[{\"@type\":\"WebPage\",\"@id\":\"https:\/\/preprod.actforperformance.com\/fr\/\",\"url\":\"https:\/\/preprod.actforperformance.com\/fr\/\",\"name\":\"Accueil - preprod.actforperformance\",\"isPartOf\":{\"@id\":\"https:\/\/preprod.actforperformance.com\/#website\"},\"datePublished\":\"2022-09-02T09:01:43+00:00\",\"dateModified\":\"2022-09-28T10:51:23+00:00\",\"breadcrumb\":{\"@id\":\"https:\/\/preprod.actforperformance.com\/fr\/#breadcrumb\"},\"inLanguage\":\"fr-FR\",\"potentialAction\":[{\"@type\":\"ReadAction\",\"target\":[\"https:\/\/preprod.actforperformance.com\/fr\/\"]}]},{\"@type\":\"BreadcrumbList\",\"@id\":\"https:\/\/preprod.actforperformance.com\/fr\/#breadcrumb\",\"itemListElement\":[{\"@type\":\"ListItem\",\"position\":1,\"name\":\"Accueil\",\"item\":\"https:\/\/preprod.actforperformance.com\/fr\/\"},{\"@type\":\"ListItem\",\"position\":2,\"name\":\"Accueil\"}]},{\"@type\":\"WebSite\",\"@id\":\"https:\/\/preprod.actforperformance.com\/#website\",\"url\":\"https:\/\/preprod.actforperformance.com\/\",\"name\":\"preprod.actforperformance\",\"description\":\"Un site utilisant WordPress\",\"potentialAction\":[{\"@type\":\"SearchAction\",\"target\":{\"@type\":\"EntryPoint\",\"urlTemplate\":\"https:\/\/preprod.actforperformance.com\/?s={search_term_string}\"},\"query-input\":\"required name=search_term_string\"}],\"inLanguage\":\"fr-FR\"}]}<\/script>\n<!-- \/ Yoast SEO plugin. -->","yoast_head_json":{"title":"Accueil - preprod.actforperformance","robots":{"index":"index","follow":"follow","max-snippet":"max-snippet:-1","max-image-preview":"max-image-preview:large","max-video-preview":"max-video-preview:-1"},"canonical":"https:\/\/preprod.actforperformance.com\/fr\/","og_locale":"fr_FR","og_type":"article","og_title":"Accueil - preprod.actforperformance","og_description":"JTNDZGl2JTIwY2xhc3MlM0QlMjJob21lLXRleHQlMjIlM0UlMEElM0NoMyUyMGNsYXNzJTNEJTIydGV4dDElMjIlM0VBQ1QlMjBmb3IlM0NiciUzRVBlcmZvcm1hbmNlJTNDJTJGaDMlM0UlMEElM0NkaXYlMjBpZCUzRCUyMnR5cGVkLXN0cmluZ3MlMjIlM0UlMEElMjAlMjAlM0NoMyUyMGNsYXNzJTNEJTIydGV4dDIlMjIlM0Vwb3VyJTIwbWlldXglMjAlMjAlMjAlM0NzdHJvbmclM0Vjb21wcmVuZHJlJTNDJTJGc3Ryb25nJTNFJTIwbGUlMjBtb25kZS4lM0MlMkZoMyUzRSUyMCUwQSUzQyUyRmRpdiUzRSUwQSUzQ3NwYW4lMjBpZCUzRCUyMnR5cGVkJTIyJTNFJTNDJTJGc3BhbiUzRSUwQSUzQyUyRmRpdiUzRSUwQSUwQQ==ACT for Performance offre des services-conseils strat\u00e9giques, d\u2019\u00e9tudes sp\u00e9cialis\u00e9es et de suivi par des tiers et de gestion de projets et de fonds d\u2019investissement. Nous accompagnons les gouvernements, les agences bilat\u00e9rales et les organisations des Nations unies dans plusieurs","og_url":"https:\/\/preprod.actforperformance.com\/fr\/","og_site_name":"preprod.actforperformance","article_modified_time":"2022-09-28T10:51:23+00:00","twitter_card":"summary_large_image","twitter_misc":{"Dur\u00e9e de lecture estim\u00e9e":"3 minutes"},"schema":{"@context":"https:\/\/schema.org","@graph":[{"@type":"WebPage","@id":"https:\/\/preprod.actforperformance.com\/fr\/","url":"https:\/\/preprod.actforperformance.com\/fr\/","name":"Accueil - preprod.actforperformance","isPartOf":{"@id":"https:\/\/preprod.actforperformance.com\/#website"},"datePublished":"2022-09-02T09:01:43+00:00","dateModified":"2022-09-28T10:51:23+00:00","breadcrumb":{"@id":"https:\/\/preprod.actforperformance.com\/fr\/#breadcrumb"},"inLanguage":"fr-FR","potentialAction":[{"@type":"ReadAction","target":["https:\/\/preprod.actforperformance.com\/fr\/"]}]},{"@type":"BreadcrumbList","@id":"https:\/\/preprod.actforperformance.com\/fr\/#breadcrumb","itemListElement":[{"@type":"ListItem","position":1,"name":"Accueil","item":"https:\/\/preprod.actforperformance.com\/fr\/"},{"@type":"ListItem","position":2,"name":"Accueil"}]},{"@type":"WebSite","@id":"https:\/\/preprod.actforperformance.com\/#website","url":"https:\/\/preprod.actforperformance.com\/","name":"preprod.actforperformance","description":"Un site utilisant WordPress","potentialAction":[{"@type":"SearchAction","target":{"@type":"EntryPoint","urlTemplate":"https:\/\/preprod.actforperformance.com\/?s={search_term_string}"},"query-input":"required name=search_term_string"}],"inLanguage":"fr-FR"}]}},"_links":{"self":[{"href":"https:\/\/preprod.actforperformance.com\/fr\/wp-json\/wp\/v2\/pages\/14","targetHints":{"allow":["GET"]}}],"collection":[{"href":"https:\/\/preprod.actforperformance.com\/fr\/wp-json\/wp\/v2\/pages"}],"about":[{"href":"https:\/\/preprod.actforperformance.com\/fr\/wp-json\/wp\/v2\/types\/page"}],"author":[{"embeddable":true,"href":"https:\/\/preprod.actforperformance.com\/fr\/wp-json\/wp\/v2\/users\/3"}],"replies":[{"embeddable":true,"href":"https:\/\/preprod.actforperformance.com\/fr\/wp-json\/wp\/v2\/comments?post=14"}],"version-history":[{"count":52,"href":"https:\/\/preprod.actforperformance.com\/fr\/wp-json\/wp\/v2\/pages\/14\/revisions"}],"predecessor-version":[{"id":1512,"href":"https:\/\/preprod.actforperformance.com\/fr\/wp-json\/wp\/v2\/pages\/14\/revisions\/1512"}],"wp:attachment":[{"href":"https:\/\/preprod.actforperformance.com\/fr\/wp-json\/wp\/v2\/media?parent=14"}],"curies":[{"name":"wp","href":"https:\/\/api.w.org\/{rel}","templated":true}]}}